{"id":4624,"date":"2021-06-14T16:03:53","date_gmt":"2021-06-14T14:03:53","guid":{"rendered":"https:\/\/ineuro.es\/formacion\/?post_type=product&#038;p=4624"},"modified":"2023-03-28T20:19:54","modified_gmt":"2023-03-28T18:19:54","slug":"test-nueve-agujeros","status":"publish","type":"product","link":"https:\/\/ineuro.es\/formacion\/producto\/test-nueve-agujeros\/","title":{"rendered":"Test de los Nueve Agujeros"},"content":{"rendered":"","protected":false},"excerpt":{"rendered":"<div class=\"entry-product-tab-list-item\">\n<p>Este test forma parte de muchas pruebas de exploraci\u00f3n de la coordinaci\u00f3n manual, tanto de coordinaci\u00f3n en s\u00ed como de praxia. Est\u00e1 incluida dentro del \u2018Test Composite\u2019 e incluso dentro de varias pruebas neurocognitivas y motoras. Se trata de una madera de alta gama, perfectamente terminada, con el cl\u00e1sico soporte para dejar las piezas una vez se quitan de sus respectivos agujeros.<\/p>\n<p>Es una prueba cl\u00e1sica para terapeutas ocupacionales, neuropsic\u00f3logos y fisioterapeutas, entre otros.<\/p>\n<\/div>\n","protected":false},"featured_media":6398,"comment_status":"open","ping_status":"closed","template":"","meta":[],"product_brand":[],"product_cat":[527,15,550],"product_tag":[463,462,448,460,464],"class_list":{"0":"post-4624","1":"product","2":"type-product","3":"status-publish","4":"has-post-thumbnail","6":"product_cat-neurofisioterapia","7":"product_cat-neurorrehabilitacion","8":"product_cat-terapia-ocupacional","9":"product_tag-coordinacion-manual","10":"product_tag-funcion-motora","11":"product_tag-funcion-neurocognitiva","12":"product_tag-nine-hole-peg-test","13":"product_tag-praxia","15":"first","16":"instock","17":"sale","18":"taxable","19":"shipping-taxable","20":"purchasable","21":"product-type-simple"},"publishpress_future_action":{"enabled":false,"date":"2026-05-08 16:30:06","action":"change-status","newStatus":"draft","terms":[],"taxonomy":"product_cat","extraData":[]},"publishpress_future_workflow_manual_trigger":{"enabledWorkflows":[]},"_links":{"self":[{"href":"https:\/\/ineuro.es\/formacion\/wp-json\/wp\/v2\/product\/4624","targetHints":{"allow":["GET"]}}],"collection":[{"href":"https:\/\/ineuro.es\/formacion\/wp-json\/wp\/v2\/product"}],"about":[{"href":"https:\/\/ineuro.es\/formacion\/wp-json\/wp\/v2\/types\/product"}],"replies":[{"embeddable":true,"href":"https:\/\/ineuro.es\/formacion\/wp-json\/wp\/v2\/comments?post=4624"}],"wp:featuredmedia":[{"embeddable":true,"href":"https:\/\/ineuro.es\/formacion\/wp-json\/wp\/v2\/media\/6398"}],"wp:attachment":[{"href":"https:\/\/ineuro.es\/formacion\/wp-json\/wp\/v2\/media?parent=4624"}],"wp:term":[{"taxonomy":"product_brand","embeddable":true,"href":"https:\/\/ineuro.es\/formacion\/wp-json\/wp\/v2\/product_brand?post=4624"},{"taxonomy":"product_cat","embeddable":true,"href":"https:\/\/ineuro.es\/formacion\/wp-json\/wp\/v2\/product_cat?post=4624"},{"taxonomy":"product_tag","embeddable":true,"href":"https:\/\/ineuro.es\/formacion\/wp-json\/wp\/v2\/product_tag?post=4624"}],"curies":[{"name":"wp","href":"https:\/\/api.w.org\/{rel}","templated":true}]}}