{"id":4782,"date":"2021-08-09T13:49:27","date_gmt":"2021-08-09T11:49:27","guid":{"rendered":"https:\/\/ineuro.es\/formacion\/?post_type=product&#038;p=4782"},"modified":"2024-09-30T09:35:25","modified_gmt":"2024-09-30T07:35:25","slug":"bateria-de-exploracion-prefrontal-en-edad-pediatrica-fex","status":"publish","type":"product","link":"https:\/\/ineuro.es\/formacion\/producto\/bateria-de-exploracion-prefrontal-en-edad-pediatrica-fex\/","title":{"rendered":"Bater\u00eda de Exploraci\u00f3n Prefrontal en Edad Pedi\u00e1trica (FEX)"},"content":{"rendered":"<p>La Bater\u00eda de Exploraci\u00f3n Prefrontal en Edad Pedi\u00e1trica (FEX) es la \u00fanica bater\u00eda neurocognitiva extensa de exploraci\u00f3n de las funciones prefrontales en el desarrollo. La FEX est\u00e1 pensada desde los datos de la neurociencia cognitiva, la neuropsicolog\u00eda pedi\u00e1trica y la experiencia cl\u00ednica de los autores. Contiene 13 pruebas que exploran dominios y sistemas cognitivos como el sistema atencional, la inhibici\u00f3n cognitiva, la memoria de trabajo, el razonamiento l\u00f3gico, los procesos de planificaci\u00f3n, la capacidad de secuenciar acciones, la categorizaci\u00f3n y otros.<\/p>\n<p>La FEX toma muchos elementos de la NEF (Neuropsicolog\u00eda Funcional) y tiene en cuenta, principalmente, la semiolog\u00eda cognitiva, sin huir -obviamente- de lo que puedan aportar cuantificaciones e \u00edndices, pero nunca bas\u00e1ndose en ellos.<\/p>\n<p>Los baremos normativos y cl\u00ednicos de la FEX se est\u00e1n trabajando en la actualidad y se podr\u00e1n comparar, por tanto, tanto con grupos normativos sanos como con grupos de pacientes con cuadros patol\u00f3gicos espec\u00edficos tanto con diagn\u00f3stico DSM como con diagn\u00f3stico de la Clasificaci\u00f3n NEF 2021.<\/p>\n<p>En conclusi\u00f3n: la FEX es, actualmente, la mejor herramienta de valoraci\u00f3n prefrontal (de funciones ejecutivas y no ejecutivas) en el desarrollo, con un a\u00f1adido que le da mayor calidad: una base de datos ad-hoc que hace que sea m\u00e1s f\u00e1cil trabajar sobre ella, sobre su semiolog\u00eda, sobre su cuantificaci\u00f3n, sobre sus \u00edndices.<\/p>\n<p>La FEX contiene:<\/p>\n<ul>\n<li>Un manual de administraci\u00f3n, correcci\u00f3n, semiolog\u00eda.<\/li>\n<li>El cuaderno de administraci\u00f3n de los test de matrices.<\/li>\n<li>El cuaderno de administraci\u00f3n con el resto de pruebas que precisan materiales en forma de l\u00e1minas.<\/li>\n<li>Las cartas.<\/li>\n<\/ul>\n<p>A toda persona que compre la FEX se le asignar\u00e1 una licencia de la base de datos de la FEX, a la que se podr\u00e1 acceder desde un navegador. Esta base de datos contiene, en la actualidad, todos los campos disponibles para meter los resultados cuantitativos y arroja resultados en forma de tanto por ciento en la actualidad, ya que estamos trabajando en los datos normativos, que tambi\u00e9n se podr\u00e1n ver en dicha aplicaci\u00f3n.<\/p>\n<p>Esta aplicaci\u00f3n inform\u00e1tica permitir\u00e1 informes, graficados, monitorizaciones, etc., as\u00ed como nuevas utilidades que se vayan introduciendo por parte del Equipo FEX<\/p>\n","protected":false},"excerpt":{"rendered":"<p>La Bater\u00eda de Exploraci\u00f3n de las Funciones Prefrontales en Edad Pedi\u00e1trica ha sido concebida como un instrumento cognitivo para explorar posibles d\u00e9ficits o disfunciones en las funciones prefrontales en el neurodesarrollo. Los autores entendemos que las as\u00ed llamadas funciones ejecutivas deber\u00edan ser llamadas funciones resolutivas o bien, ejecutivas internas vs ejecutivas externas. Esta bater\u00eda fue desarrollada como respuesta a unos insuficientes o poco espec\u00edficos instrumentos de exploraci\u00f3n en esta poblaci\u00f3n, con la finalidad de obtener pruebas complementarias adecuadas para la exploraci\u00f3n de estos dominios. <strong>La edad de aplicaci\u00f3n, en lo referente a baremo, se extiende desde los 4 hasta los 15 a\u00f1os.<\/strong><\/p>\n<p>Se trata de una prueba neurocognitiva y por tanto debe ser utilizada como tal: prueba complementaria al servicio de la exploraci\u00f3n cl\u00ednica. La obtenci\u00f3n de una puntuaci\u00f3n no debe ser tomada en cuenta en s\u00ed misma, siendo imprescindible la consideraci\u00f3n de los m\u00faltiples componentes de la prueba, cognitivos y no cognitivos. La Bater\u00eda de Exploraci\u00f3n de las Funciones Prefrontales en Edad Pedi\u00e1trica es una prueba f\u00e1cil de aplicar y de corregir.<\/p>\n","protected":false},"featured_media":6395,"comment_status":"open","ping_status":"closed","template":"","meta":[],"product_brand":[],"product_cat":[413],"product_tag":[508,506,507],"class_list":{"0":"post-4782","1":"product","2":"type-product","3":"status-publish","4":"has-post-thumbnail","6":"product_cat-neuropsicologia","7":"product_tag-edad-pediatrica","8":"product_tag-fex","9":"product_tag-pruebas-neurocognitivas","11":"first","12":"outofstock","13":"taxable","14":"shipping-taxable","15":"purchasable","16":"product-type-simple"},"publishpress_future_action":{"enabled":false,"date":"2026-05-01 17:41:24","action":"change-status","newStatus":"draft","terms":[],"taxonomy":"product_cat","extraData":[]},"publishpress_future_workflow_manual_trigger":{"enabledWorkflows":[]},"_links":{"self":[{"href":"https:\/\/ineuro.es\/formacion\/wp-json\/wp\/v2\/product\/4782","targetHints":{"allow":["GET"]}}],"collection":[{"href":"https:\/\/ineuro.es\/formacion\/wp-json\/wp\/v2\/product"}],"about":[{"href":"https:\/\/ineuro.es\/formacion\/wp-json\/wp\/v2\/types\/product"}],"replies":[{"embeddable":true,"href":"https:\/\/ineuro.es\/formacion\/wp-json\/wp\/v2\/comments?post=4782"}],"wp:featuredmedia":[{"embeddable":true,"href":"https:\/\/ineuro.es\/formacion\/wp-json\/wp\/v2\/media\/6395"}],"wp:attachment":[{"href":"https:\/\/ineuro.es\/formacion\/wp-json\/wp\/v2\/media?parent=4782"}],"wp:term":[{"taxonomy":"product_brand","embeddable":true,"href":"https:\/\/ineuro.es\/formacion\/wp-json\/wp\/v2\/product_brand?post=4782"},{"taxonomy":"product_cat","embeddable":true,"href":"https:\/\/ineuro.es\/formacion\/wp-json\/wp\/v2\/product_cat?post=4782"},{"taxonomy":"product_tag","embeddable":true,"href":"https:\/\/ineuro.es\/formacion\/wp-json\/wp\/v2\/product_tag?post=4782"}],"curies":[{"name":"wp","href":"https:\/\/api.w.org\/{rel}","templated":true}]}}