{"id":6803,"date":"2023-08-06T13:58:59","date_gmt":"2023-08-06T11:58:59","guid":{"rendered":"https:\/\/ineuro.es\/formacion\/producto\/curso-de-certificacion-oficial-en-la-clasificacion-diagnostica-nef\/"},"modified":"2023-11-16T20:06:51","modified_gmt":"2023-11-16T19:06:51","slug":"curso-de-certificacion-oficial-en-la-clasificacion-diagnostica-nef","status":"publish","type":"product","link":"https:\/\/ineuro.es\/formacion\/producto\/curso-de-certificacion-oficial-en-la-clasificacion-diagnostica-nef\/","title":{"rendered":"Curso de Certificaci\u00f3n Oficial en la Clasificaci\u00f3n Diagn\u00f3stica NEF"},"content":{"rendered":"","protected":false},"excerpt":{"rendered":"","protected":false},"featured_media":6802,"comment_status":"open","ping_status":"closed","template":"","meta":[],"product_brand":[],"product_cat":[15],"product_tag":[],"class_list":{"0":"post-6803","1":"product","2":"type-product","3":"status-publish","4":"has-post-thumbnail","6":"product_cat-neurorrehabilitacion","8":"first","9":"outofstock","10":"virtual","11":"sold-individually","12":"purchasable","13":"product-type-simple"},"publishpress_future_action":{"enabled":false,"date":"2026-05-01 16:24:00","action":"change-status","newStatus":"draft","terms":[],"taxonomy":"product_cat","extraData":[]},"publishpress_future_workflow_manual_trigger":{"enabledWorkflows":[]},"_links":{"self":[{"href":"https:\/\/ineuro.es\/formacion\/wp-json\/wp\/v2\/product\/6803","targetHints":{"allow":["GET"]}}],"collection":[{"href":"https:\/\/ineuro.es\/formacion\/wp-json\/wp\/v2\/product"}],"about":[{"href":"https:\/\/ineuro.es\/formacion\/wp-json\/wp\/v2\/types\/product"}],"replies":[{"embeddable":true,"href":"https:\/\/ineuro.es\/formacion\/wp-json\/wp\/v2\/comments?post=6803"}],"wp:featuredmedia":[{"embeddable":true,"href":"https:\/\/ineuro.es\/formacion\/wp-json\/wp\/v2\/media\/6802"}],"wp:attachment":[{"href":"https:\/\/ineuro.es\/formacion\/wp-json\/wp\/v2\/media?parent=6803"}],"wp:term":[{"taxonomy":"product_brand","embeddable":true,"href":"https:\/\/ineuro.es\/formacion\/wp-json\/wp\/v2\/product_brand?post=6803"},{"taxonomy":"product_cat","embeddable":true,"href":"https:\/\/ineuro.es\/formacion\/wp-json\/wp\/v2\/product_cat?post=6803"},{"taxonomy":"product_tag","embeddable":true,"href":"https:\/\/ineuro.es\/formacion\/wp-json\/wp\/v2\/product_tag?post=6803"}],"curies":[{"name":"wp","href":"https:\/\/api.w.org\/{rel}","templated":true}]}}