{"id":6849,"date":"2023-08-22T23:26:30","date_gmt":"2023-08-22T21:26:30","guid":{"rendered":"https:\/\/ineuro.es\/formacion\/?post_type=product&#038;p=6849"},"modified":"2024-03-16T11:12:06","modified_gmt":"2024-03-16T10:12:06","slug":"exploracioncognitiva","status":"publish","type":"product","link":"https:\/\/ineuro.es\/formacion\/producto\/exploracioncognitiva\/","title":{"rendered":"Exploraci\u00f3n neurocognitiva funcional"},"content":{"rendered":"<p>La exploraci\u00f3n neurocognitiva nos ayuda a centrar qu\u00e9 le pasa a una persona en el sentido patol\u00f3gico pero, m\u00e1s all\u00e1 de lo cl\u00ednico, hay un punto esencial que nos ayuda a tomar decisiones para el abordaje neurocognitivo: esa es la exploraci\u00f3n funcional.<\/p>\n<p>La exploraci\u00f3n funcional es b\u00e1sica en el tratamiento de los pacientes y si no se realiza no podremos hacer un buen abordaje. En #NEF es esencial la exploraci\u00f3n funcional para conocer el tratamiento. Adem\u00e1s, la exploraci\u00f3n funcional tambi\u00e9n se puede llevar a cabo en casos no patol\u00f3gicos, como muchos cuadros del neurodesarrollo que cursan con d\u00e9ficit cognitivos o p\u00e9rdida de eficiencia cognitiva pero no son por un cuadro patol\u00f3gico de base. Es decir, muchos profesionales que se dedican a la normalidad pueden perfectamente beneficiarse del curso.<\/p>\n<p>Este curso forma parte de los cursos solidarios de ineuro pero no es gratuito sino que tiene un precio muy reducido.<\/p>\n<h6><strong>Objetivos<\/strong><\/h6>\n<ul>\n<li>Diferencias entre exploraci\u00f3n cl\u00ednica y funcional.<\/li>\n<li>C\u00f3mo se hace una exploraci\u00f3n funcional: las exploraciones por Componentes (EPC) de #NEF<\/li>\n<li>La exploraci\u00f3n funcional como base del abordaje neurocognitivo.<\/li>\n<li>Ejemplos pr\u00e1cticos de exploraci\u00f3n en WM, inhibici\u00f3n, atenci\u00f3n, funciones ejecutivas, etc., y c\u00f3mo nos orienta. Nos basaremos en pruebas como el WISC-V.<\/li>\n<\/ul>\n<h6><strong>Docente<\/strong><\/h6>\n<p>Pablo Duque San Juan, neuropsic\u00f3logo de ineuro.<\/p>\n<h6><strong>Lugar<\/strong><\/h6>\n<p>Se har\u00e1 por streaming.<\/p>\n<h6><strong>Precio<\/strong><\/h6>\n<p>Para los que hicieron <a href=\"https:\/\/ineuro.es\/ii-jornadas-neuropsicologia-uruguay\/\"><strong>este curso en Uruguay,<\/strong><\/a> ser\u00e1 gratuito y s\u00f3lo lo tienen que enviar un correo a <strong>pablo.duque@ineuro.es<\/strong> para inscribirse.<\/p>\n<p>Para el resto de profesionales: 30 euros (hasta cubrir las plazas).<\/p>\n<h6><strong>Plazas<\/strong><\/h6>\n<p>30 plazas.<\/p>\n","protected":false},"excerpt":{"rendered":"<p>Exploraci\u00f3n neurocognitiva funcional<\/p>\n","protected":false},"featured_media":6836,"comment_status":"open","ping_status":"closed","template":"","meta":[],"product_brand":[],"product_cat":[15],"product_tag":[],"class_list":{"0":"post-6849","1":"product","2":"type-product","3":"status-publish","4":"has-post-thumbnail","6":"product_cat-neurorrehabilitacion","8":"first","9":"outofstock","10":"virtual","11":"sold-individually","12":"purchasable","13":"product-type-simple"},"publishpress_future_action":{"enabled":false,"date":"2026-04-23 12:53:02","action":"change-status","newStatus":"draft","terms":[],"taxonomy":"product_cat","extraData":[]},"publishpress_future_workflow_manual_trigger":{"enabledWorkflows":[]},"_links":{"self":[{"href":"https:\/\/ineuro.es\/formacion\/wp-json\/wp\/v2\/product\/6849","targetHints":{"allow":["GET"]}}],"collection":[{"href":"https:\/\/ineuro.es\/formacion\/wp-json\/wp\/v2\/product"}],"about":[{"href":"https:\/\/ineuro.es\/formacion\/wp-json\/wp\/v2\/types\/product"}],"replies":[{"embeddable":true,"href":"https:\/\/ineuro.es\/formacion\/wp-json\/wp\/v2\/comments?post=6849"}],"wp:featuredmedia":[{"embeddable":true,"href":"https:\/\/ineuro.es\/formacion\/wp-json\/wp\/v2\/media\/6836"}],"wp:attachment":[{"href":"https:\/\/ineuro.es\/formacion\/wp-json\/wp\/v2\/media?parent=6849"}],"wp:term":[{"taxonomy":"product_brand","embeddable":true,"href":"https:\/\/ineuro.es\/formacion\/wp-json\/wp\/v2\/product_brand?post=6849"},{"taxonomy":"product_cat","embeddable":true,"href":"https:\/\/ineuro.es\/formacion\/wp-json\/wp\/v2\/product_cat?post=6849"},{"taxonomy":"product_tag","embeddable":true,"href":"https:\/\/ineuro.es\/formacion\/wp-json\/wp\/v2\/product_tag?post=6849"}],"curies":[{"name":"wp","href":"https:\/\/api.w.org\/{rel}","templated":true}]}}