{"id":6866,"date":"2023-08-28T19:08:34","date_gmt":"2023-08-28T17:08:34","guid":{"rendered":"https:\/\/ineuro.es\/formacion\/?post_type=product&#038;p=6866"},"modified":"2023-11-16T21:37:36","modified_gmt":"2023-11-16T20:37:36","slug":"neuropsicologia-para-forenses-reserva-de-plaza","status":"publish","type":"product","link":"https:\/\/ineuro.es\/formacion\/producto\/neuropsicologia-para-forenses-reserva-de-plaza\/","title":{"rendered":"Neuropsicolog\u00eda para forenses (reserva de plaza)"},"content":{"rendered":"<h6><strong>INTRODUCCI\u00d3N<\/strong><\/h6>\n<p>Encontrar \u00abneuropsic\u00f3logos forenses\u00bb en Espa\u00f1a es bastante dif\u00edcil, entendiendo que un neuropsic\u00f3logo forense es alguien que no s\u00f3lo tiene la especialidad de Neuropsicolog\u00eda (algo que no est\u00e1 regulado y, por tanto, todo parece valer muchas veces) sino que, adem\u00e1s, se ha formado estupendamente en Ciencias Forenses y ejerce de tal, al menos, un 50% de su tiempo, dedicando el otro 50% a la cl\u00ednica neurocognitiva del d\u00eda a d\u00eda.<\/p>\n<p>Se entiende que el campo forense es amplio: psic\u00f3logos, m\u00e9dicos, crimin\u00f3logos. Es un campo complejo. Son m\u00faltiples las preguntas que se formulan a los peritos y en muchos casos tienen que ver con las funciones neurocognitivas, punto fundamental de estudio de los neuropsic\u00f3logos.<\/p>\n<p>Entendemos que hay personas enjuiciadas, ya sea a nivel laboral, penal, civil, etc., con determinados d\u00e9ficit cognitivos y en un juicio hay que ser claros contestando a preguntas concretas sobre lo que hace e hizo el cerebro de esa persona. Si se sabe Neuropsicolog\u00eda ser\u00e1 tarea f\u00e1cil. Si no se sabe, ser\u00e1 tarea imposible.<\/p>\n<p>Proponemos un curso de formaci\u00f3n continuada en Neuropsicolog\u00eda para que los forenses puedan conocer esta parte tan compleja y tan \u00fatil para ellos.<\/p>\n<p>Desde el <strong>Programa de Neuropsicolog\u00eda para Forenses<\/strong> de ineuro no s\u00f3lo damos esta formaci\u00f3n sino que nos ponemos a disposici\u00f3n de los forenses para resolver las preguntas neurocognitivas que se nos hagan.<\/p>\n<h6><strong>PROGRAMA<\/strong><\/h6>\n<p><u>Introducci\u00f3n<\/u><\/p>\n<ul>\n<li>Las funciones cognitivas: estructuraci\u00f3n y definici\u00f3n.<\/li>\n<li>Modelo general de la cognici\u00f3n: entener la generalidad nos soluciona entender la particularidad.<\/li>\n<li>Conceptos esenciales en Neuropsicolog\u00eda: funci\u00f3n, actividad, funcionalidad, eficiencia, eficacia, carga cognitiva, etc.<\/li>\n<\/ul>\n<p><u>Funciones Cognitivas<\/u><\/p>\n<ul>\n<li>La atenci\u00f3n y la monitorizaci\u00f3n: definici\u00f3n, exploraci\u00f3n, patolog\u00eda.<\/li>\n<li>La memoria de trabajo: definici\u00f3n, exploraci\u00f3n, patolog\u00eda.<\/li>\n<li>La inhibici\u00f3n: definici\u00f3n, exploraci\u00f3n, patolog\u00eda.<\/li>\n<li>La memoria: definici\u00f3n, exploraci\u00f3n, patolog\u00eda.<\/li>\n<li>La percepci\u00f3n: definici\u00f3n, exploraci\u00f3n, patolog\u00eda.<\/li>\n<li>Las praxias: definici\u00f3n, exploraci\u00f3n, patolog\u00eda.<\/li>\n<li>El lenguaje: definici\u00f3n, exploraci\u00f3n, patolog\u00eda.<\/li>\n<li>La cognici\u00f3n social: definici\u00f3n, exploraci\u00f3n, patolog\u00eda.<\/li>\n<li>La pragm\u00e1tica: definici\u00f3n, exploraci\u00f3n, patolog\u00eda.<\/li>\n<li>Las (mal) llamadas funciones ejecutivas: definici\u00f3n, exploraci\u00f3n, patolog\u00eda.<\/li>\n<\/ul>\n<p><u>Las patolog\u00edas y sus consecuencias cognitivas<\/u><\/p>\n<ul>\n<li>El da\u00f1o cerebral sobrevenido (i)<\/li>\n<li>El da\u00f1o cerebral sobrevenido (i)<\/li>\n<li>La Esclerosis M\u00faltiple.<\/li>\n<li>La epilepsia.<\/li>\n<li>La demencia.<\/li>\n<li>La encefalitis.<\/li>\n<li>Tumores cerebrales y repercusi\u00f3n de tratamientos oncol\u00f3gicos sobre la cognici\u00f3n.<\/li>\n<\/ul>\n<p><u>Redactar un informe<\/u><\/p>\n<ul>\n<li>Campos esenciales del informe.<\/li>\n<li>Realizaci\u00f3n de anamnesis.<\/li>\n<li>Estructuraci\u00f3n de la exploraci\u00f3n neurocognitiva.<\/li>\n<li>Estructuraci\u00f3n del diagn\u00f3stico: la Clasificaci\u00f3n Diagn\u00f3stica en Neuropsicolog\u00eda NEF 2023 vs DSM-V vs CIE-11<\/li>\n<\/ul>\n<h6><strong>DOCENTE<\/strong><\/h6>\n<p>Pablo Duque. Neuropsic\u00f3logo. ineuro<\/p>\n<h6><strong>D\u00cdAS Y HORAS<\/strong><\/h6>\n<p>Los mi\u00e9rcoles comenzando el 8 de noviembre de 2023, en horario de 20.00 a 21.30 horas.<\/p>\n<h6><strong>CERTIFICACI\u00d3N<\/strong><\/h6>\n<p>Se ha pedido la certificaci\u00f3n de formaci\u00f3n continuada de sanidad. Adem\u00e1s, se dar\u00e1 la certificaci\u00f3n del Instituto de Formaci\u00f3n ineuro.<\/p>\n<h6><strong>PLAZAS<\/strong><\/h6>\n<p>20.<\/p>\n<h6><strong>PRECIO<\/strong><\/h6>\n<ul>\n<li>250 euros.<\/li>\n<\/ul>\n<p>Se abonar\u00e1 una reserva de plaza de 100 euros. Posteriormente, al inicio del curso, se pagar\u00e1 el resto.<\/p>\n<p>Habr\u00e1 una plaza gratuita que se sortear\u00e1.<\/p>\n<h6><strong>MATERIALES<\/strong><\/h6>\n<p>Diapositivas y libro de lo indicado en cada tema.<\/p>\n","protected":false},"excerpt":{"rendered":"<p>Neuropsicolog\u00eda para forenses.<\/p>\n","protected":false},"featured_media":6867,"comment_status":"open","ping_status":"closed","template":"","meta":[],"product_brand":[],"product_cat":[413],"product_tag":[343,562],"class_list":{"0":"post-6866","1":"product","2":"type-product","3":"status-publish","4":"has-post-thumbnail","6":"product_cat-neuropsicologia","7":"product_tag-neuropsicologia","8":"product_tag-psicologia-forense","10":"first","11":"outofstock","12":"virtual","13":"sold-individually","14":"purchasable","15":"product-type-simple"},"publishpress_future_action":{"enabled":false,"date":"2026-04-23 01:37:51","action":"change-status","newStatus":"draft","terms":[],"taxonomy":"product_cat","extraData":[]},"publishpress_future_workflow_manual_trigger":{"enabledWorkflows":[]},"_links":{"self":[{"href":"https:\/\/ineuro.es\/formacion\/wp-json\/wp\/v2\/product\/6866","targetHints":{"allow":["GET"]}}],"collection":[{"href":"https:\/\/ineuro.es\/formacion\/wp-json\/wp\/v2\/product"}],"about":[{"href":"https:\/\/ineuro.es\/formacion\/wp-json\/wp\/v2\/types\/product"}],"replies":[{"embeddable":true,"href":"https:\/\/ineuro.es\/formacion\/wp-json\/wp\/v2\/comments?post=6866"}],"wp:featuredmedia":[{"embeddable":true,"href":"https:\/\/ineuro.es\/formacion\/wp-json\/wp\/v2\/media\/6867"}],"wp:attachment":[{"href":"https:\/\/ineuro.es\/formacion\/wp-json\/wp\/v2\/media?parent=6866"}],"wp:term":[{"taxonomy":"product_brand","embeddable":true,"href":"https:\/\/ineuro.es\/formacion\/wp-json\/wp\/v2\/product_brand?post=6866"},{"taxonomy":"product_cat","embeddable":true,"href":"https:\/\/ineuro.es\/formacion\/wp-json\/wp\/v2\/product_cat?post=6866"},{"taxonomy":"product_tag","embeddable":true,"href":"https:\/\/ineuro.es\/formacion\/wp-json\/wp\/v2\/product_tag?post=6866"}],"curies":[{"name":"wp","href":"https:\/\/api.w.org\/{rel}","templated":true}]}}