{"id":6889,"date":"2023-09-17T19:37:40","date_gmt":"2023-09-17T17:37:40","guid":{"rendered":"https:\/\/ineuro.es\/formacion\/?post_type=product&#038;p=6889"},"modified":"2024-04-17T18:59:01","modified_gmt":"2024-04-17T16:59:01","slug":"neuropsicologia-para-principiantes","status":"publish","type":"product","link":"https:\/\/ineuro.es\/formacion\/producto\/neuropsicologia-para-principiantes\/","title":{"rendered":"Neuropsicolog\u00eda para principiantes (1 itinerario: ADULTO)"},"content":{"rendered":"<p>Toda la informaci\u00f3n de este curso est\u00e1 en <span style=\"color: #339966;\"><a style=\"color: #339966;\" href=\"https:\/\/ineuro.es\/neuropsicologia-para-principiantes\/\"><strong>este enlace<\/strong><\/a><\/span>.<\/p>\n","protected":false},"excerpt":{"rendered":"<p>Toda la informaci\u00f3n de este curso est\u00e1 en <a href=\"https:\/\/ineuro.es\/neuropsicologia-para-principiantes\/\"><strong>este enlace<\/strong><\/a>.<\/p>\n","protected":false},"featured_media":6890,"comment_status":"open","ping_status":"closed","template":"","meta":[],"product_brand":[],"product_cat":[413],"product_tag":[],"class_list":{"0":"post-6889","1":"product","2":"type-product","3":"status-publish","4":"has-post-thumbnail","6":"product_cat-neuropsicologia","8":"first","9":"outofstock","10":"virtual","11":"purchasable","12":"product-type-simple"},"publishpress_future_action":{"enabled":false,"date":"2026-04-23 02:20:17","action":"change-status","newStatus":"draft","terms":[],"taxonomy":"product_cat","extraData":[]},"publishpress_future_workflow_manual_trigger":{"enabledWorkflows":[]},"_links":{"self":[{"href":"https:\/\/ineuro.es\/formacion\/wp-json\/wp\/v2\/product\/6889","targetHints":{"allow":["GET"]}}],"collection":[{"href":"https:\/\/ineuro.es\/formacion\/wp-json\/wp\/v2\/product"}],"about":[{"href":"https:\/\/ineuro.es\/formacion\/wp-json\/wp\/v2\/types\/product"}],"replies":[{"embeddable":true,"href":"https:\/\/ineuro.es\/formacion\/wp-json\/wp\/v2\/comments?post=6889"}],"wp:featuredmedia":[{"embeddable":true,"href":"https:\/\/ineuro.es\/formacion\/wp-json\/wp\/v2\/media\/6890"}],"wp:attachment":[{"href":"https:\/\/ineuro.es\/formacion\/wp-json\/wp\/v2\/media?parent=6889"}],"wp:term":[{"taxonomy":"product_brand","embeddable":true,"href":"https:\/\/ineuro.es\/formacion\/wp-json\/wp\/v2\/product_brand?post=6889"},{"taxonomy":"product_cat","embeddable":true,"href":"https:\/\/ineuro.es\/formacion\/wp-json\/wp\/v2\/product_cat?post=6889"},{"taxonomy":"product_tag","embeddable":true,"href":"https:\/\/ineuro.es\/formacion\/wp-json\/wp\/v2\/product_tag?post=6889"}],"curies":[{"name":"wp","href":"https:\/\/api.w.org\/{rel}","templated":true}]}}