{"id":7002,"date":"2023-11-17T11:00:24","date_gmt":"2023-11-17T10:00:24","guid":{"rendered":"https:\/\/ineuro.es\/formacion\/?post_type=product&#038;p=7002"},"modified":"2023-12-02T21:09:25","modified_gmt":"2023-12-02T20:09:25","slug":"exploracion-neurocognitiva","status":"publish","type":"product","link":"https:\/\/ineuro.es\/formacion\/producto\/exploracion-neurocognitiva\/","title":{"rendered":"Exploraci\u00f3n neurocognitiva en el d\u00eda a d\u00eda. COSTA RICA"},"content":{"rendered":"<p>Aqu\u00ed est\u00e1 la info del curso: <a href=\"https:\/\/ineuro.es\/curso-de-exploracion-neurocognitiva-en-la-practica-del-dia-a-dia\/\">https:\/\/ineuro.es\/curso-de-exploracion-neurocognitiva-en-la-practica-del-dia-a-dia\/<\/a><\/p>\n","protected":false},"excerpt":{"rendered":"<p>Aqu\u00ed est\u00e1 la info del curso: <a href=\"https:\/\/ineuro.es\/curso-de-exploracion-neurocognitiva-en-la-practica-del-dia-a-dia\/\">https:\/\/ineuro.es\/curso-de-exploracion-neurocognitiva-en-la-practica-del-dia-a-dia\/<\/a><\/p>\n","protected":false},"featured_media":7003,"comment_status":"open","ping_status":"closed","template":"","meta":[],"product_brand":[],"product_cat":[15],"product_tag":[],"class_list":{"0":"post-7002","1":"product","2":"type-product","3":"status-publish","4":"has-post-thumbnail","6":"product_cat-neurorrehabilitacion","8":"first","9":"outofstock","10":"virtual","11":"purchasable","12":"product-type-simple"},"publishpress_future_action":{"enabled":false,"date":"2026-04-24 06:23:23","action":"change-status","newStatus":"draft","terms":[],"taxonomy":"product_cat","extraData":[]},"publishpress_future_workflow_manual_trigger":{"enabledWorkflows":[]},"_links":{"self":[{"href":"https:\/\/ineuro.es\/formacion\/wp-json\/wp\/v2\/product\/7002","targetHints":{"allow":["GET"]}}],"collection":[{"href":"https:\/\/ineuro.es\/formacion\/wp-json\/wp\/v2\/product"}],"about":[{"href":"https:\/\/ineuro.es\/formacion\/wp-json\/wp\/v2\/types\/product"}],"replies":[{"embeddable":true,"href":"https:\/\/ineuro.es\/formacion\/wp-json\/wp\/v2\/comments?post=7002"}],"wp:featuredmedia":[{"embeddable":true,"href":"https:\/\/ineuro.es\/formacion\/wp-json\/wp\/v2\/media\/7003"}],"wp:attachment":[{"href":"https:\/\/ineuro.es\/formacion\/wp-json\/wp\/v2\/media?parent=7002"}],"wp:term":[{"taxonomy":"product_brand","embeddable":true,"href":"https:\/\/ineuro.es\/formacion\/wp-json\/wp\/v2\/product_brand?post=7002"},{"taxonomy":"product_cat","embeddable":true,"href":"https:\/\/ineuro.es\/formacion\/wp-json\/wp\/v2\/product_cat?post=7002"},{"taxonomy":"product_tag","embeddable":true,"href":"https:\/\/ineuro.es\/formacion\/wp-json\/wp\/v2\/product_tag?post=7002"}],"curies":[{"name":"wp","href":"https:\/\/api.w.org\/{rel}","templated":true}]}}