{"id":7093,"date":"2024-01-07T14:33:43","date_gmt":"2024-01-07T13:33:43","guid":{"rendered":"https:\/\/ineuro.es\/formacion\/?post_type=product&#038;p=7093"},"modified":"2024-08-04T18:02:46","modified_gmt":"2024-08-04T16:02:46","slug":"como-atender-pacientes-en-neuropsicologia","status":"publish","type":"product","link":"https:\/\/ineuro.es\/formacion\/producto\/como-atender-pacientes-en-neuropsicologia\/","title":{"rendered":"C\u00f3mo atender pacientes en Neuropsicolog\u00eda"},"content":{"rendered":"<p>Toda la informaci\u00f3n est\u00e1 en <span style=\"color: #339966;\"><a style=\"color: #339966;\" href=\"https:\/\/ineuro.es\/atender-pacientes\/\"><strong><span style=\"color: #339966;\">este enlace<\/span><\/strong><\/a>.<\/span><\/p>\n","protected":false},"excerpt":{"rendered":"<p>Toda la informaci\u00f3n est\u00e1 en <a href=\"https:\/\/ineuro.es\/atender-pacientes\/\"><strong>este enlace<\/strong><\/a>.<\/p>\n","protected":false},"featured_media":7094,"comment_status":"open","ping_status":"closed","template":"","meta":[],"product_brand":[],"product_cat":[413],"product_tag":[],"class_list":{"0":"post-7093","1":"product","2":"type-product","3":"status-publish","4":"has-post-thumbnail","6":"product_cat-neuropsicologia","8":"first","9":"outofstock","10":"virtual","11":"purchasable","12":"product-type-simple"},"publishpress_future_action":{"enabled":false,"date":"2026-05-07 22:53:25","action":"change-status","newStatus":"draft","terms":[],"taxonomy":"product_cat","extraData":[]},"publishpress_future_workflow_manual_trigger":{"enabledWorkflows":[]},"_links":{"self":[{"href":"https:\/\/ineuro.es\/formacion\/wp-json\/wp\/v2\/product\/7093","targetHints":{"allow":["GET"]}}],"collection":[{"href":"https:\/\/ineuro.es\/formacion\/wp-json\/wp\/v2\/product"}],"about":[{"href":"https:\/\/ineuro.es\/formacion\/wp-json\/wp\/v2\/types\/product"}],"replies":[{"embeddable":true,"href":"https:\/\/ineuro.es\/formacion\/wp-json\/wp\/v2\/comments?post=7093"}],"wp:featuredmedia":[{"embeddable":true,"href":"https:\/\/ineuro.es\/formacion\/wp-json\/wp\/v2\/media\/7094"}],"wp:attachment":[{"href":"https:\/\/ineuro.es\/formacion\/wp-json\/wp\/v2\/media?parent=7093"}],"wp:term":[{"taxonomy":"product_brand","embeddable":true,"href":"https:\/\/ineuro.es\/formacion\/wp-json\/wp\/v2\/product_brand?post=7093"},{"taxonomy":"product_cat","embeddable":true,"href":"https:\/\/ineuro.es\/formacion\/wp-json\/wp\/v2\/product_cat?post=7093"},{"taxonomy":"product_tag","embeddable":true,"href":"https:\/\/ineuro.es\/formacion\/wp-json\/wp\/v2\/product_tag?post=7093"}],"curies":[{"name":"wp","href":"https:\/\/api.w.org\/{rel}","templated":true}]}}