{"id":7460,"date":"2024-05-14T10:17:40","date_gmt":"2024-05-14T08:17:40","guid":{"rendered":"https:\/\/ineuro.es\/formacion\/?post_type=product&#038;p=7460"},"modified":"2024-05-26T18:13:52","modified_gmt":"2024-05-26T16:13:52","slug":"formacion-de-neuropsicologia-en-mexico-por-streaming","status":"publish","type":"product","link":"https:\/\/ineuro.es\/formacion\/producto\/formacion-de-neuropsicologia-en-mexico-por-streaming\/","title":{"rendered":"Formaci\u00f3n de Neuropsicolog\u00eda en M\u00e9xico (por streaming)"},"content":{"rendered":"<p>Puede ver toda la informaci\u00f3n del curso en <span style=\"color: #339966;\"><a style=\"color: #339966;\" href=\"https:\/\/ineuro.es\/formacion-de-neuropsicologia-en-mexico-impartida-por-pablo-duque\/\"><strong>este enlace<\/strong><\/a><\/span>.<\/p>\n","protected":false},"excerpt":{"rendered":"<p>Puede ver toda la informaci\u00f3n del curso en <a href=\"https:\/\/ineuro.es\/formacion-de-neuropsicologia-en-mexico-impartida-por-pablo-duque\/\"><strong>este enlace<\/strong><\/a>.<\/p>\n","protected":false},"featured_media":7046,"comment_status":"open","ping_status":"closed","template":"","meta":[],"product_brand":[],"product_cat":[413],"product_tag":[],"class_list":{"0":"post-7460","1":"product","2":"type-product","3":"status-publish","4":"has-post-thumbnail","6":"product_cat-neuropsicologia","8":"first","9":"outofstock","10":"virtual","11":"purchasable","12":"product-type-simple"},"publishpress_future_action":{"enabled":false,"date":"2026-05-01 18:46:17","action":"change-status","newStatus":"draft","terms":[],"taxonomy":"product_cat","extraData":[]},"publishpress_future_workflow_manual_trigger":{"enabledWorkflows":[]},"_links":{"self":[{"href":"https:\/\/ineuro.es\/formacion\/wp-json\/wp\/v2\/product\/7460","targetHints":{"allow":["GET"]}}],"collection":[{"href":"https:\/\/ineuro.es\/formacion\/wp-json\/wp\/v2\/product"}],"about":[{"href":"https:\/\/ineuro.es\/formacion\/wp-json\/wp\/v2\/types\/product"}],"replies":[{"embeddable":true,"href":"https:\/\/ineuro.es\/formacion\/wp-json\/wp\/v2\/comments?post=7460"}],"wp:featuredmedia":[{"embeddable":true,"href":"https:\/\/ineuro.es\/formacion\/wp-json\/wp\/v2\/media\/7046"}],"wp:attachment":[{"href":"https:\/\/ineuro.es\/formacion\/wp-json\/wp\/v2\/media?parent=7460"}],"wp:term":[{"taxonomy":"product_brand","embeddable":true,"href":"https:\/\/ineuro.es\/formacion\/wp-json\/wp\/v2\/product_brand?post=7460"},{"taxonomy":"product_cat","embeddable":true,"href":"https:\/\/ineuro.es\/formacion\/wp-json\/wp\/v2\/product_cat?post=7460"},{"taxonomy":"product_tag","embeddable":true,"href":"https:\/\/ineuro.es\/formacion\/wp-json\/wp\/v2\/product_tag?post=7460"}],"curies":[{"name":"wp","href":"https:\/\/api.w.org\/{rel}","templated":true}]}}