{"id":7474,"date":"2024-05-26T18:13:59","date_gmt":"2024-05-26T16:13:59","guid":{"rendered":"https:\/\/ineuro.es\/formacion\/?post_type=product&#038;p=7474"},"modified":"2025-01-09T12:21:45","modified_gmt":"2025-01-09T11:21:45","slug":"neuropsicologia-en-neurorrehabilitacion-streaming","status":"publish","type":"product","link":"https:\/\/ineuro.es\/formacion\/producto\/neuropsicologia-en-neurorrehabilitacion-streaming\/","title":{"rendered":"Neuropsicolog\u00eda en Neurorrehabilitaci\u00f3n (streaming)"},"content":{"rendered":"<p>Toda la informaci\u00f3n est\u00e1 en <a href=\"https:\/\/bit.ly\/3yA0OWp\"><span style=\"color: #339966;\"><strong>este enlace<\/strong><\/span><\/a>.<\/p>\n","protected":false},"excerpt":{"rendered":"<p>Toda la informaci\u00f3n est\u00e1 en <span style=\"color: #339966;\"><a style=\"color: #339966;\" href=\"https:\/\/bit.ly\/3yA0OWp\"><strong>este enlace<\/strong><\/a><\/span>.<\/p>\n<p><strong>6 y 7 de junio<\/strong> <strong>2024<\/strong> (jueves y viernes). Se puede hacer presencialmente o por streaming. <strong>Esta es la inscripci\u00f3n para acudir por streaming<\/strong>.<\/p>\n","protected":false},"featured_media":7473,"comment_status":"open","ping_status":"closed","template":"","meta":[],"product_brand":[],"product_cat":[413,15],"product_tag":[],"class_list":{"0":"post-7474","1":"product","2":"type-product","3":"status-publish","4":"has-post-thumbnail","6":"product_cat-neuropsicologia","7":"product_cat-neurorrehabilitacion","9":"first","10":"outofstock","11":"virtual","12":"purchasable","13":"product-type-simple"},"publishpress_future_action":{"enabled":false,"date":"2026-04-23 11:25:50","action":"change-status","newStatus":"draft","terms":[],"taxonomy":"product_cat","extraData":[]},"publishpress_future_workflow_manual_trigger":{"enabledWorkflows":[]},"_links":{"self":[{"href":"https:\/\/ineuro.es\/formacion\/wp-json\/wp\/v2\/product\/7474","targetHints":{"allow":["GET"]}}],"collection":[{"href":"https:\/\/ineuro.es\/formacion\/wp-json\/wp\/v2\/product"}],"about":[{"href":"https:\/\/ineuro.es\/formacion\/wp-json\/wp\/v2\/types\/product"}],"replies":[{"embeddable":true,"href":"https:\/\/ineuro.es\/formacion\/wp-json\/wp\/v2\/comments?post=7474"}],"wp:featuredmedia":[{"embeddable":true,"href":"https:\/\/ineuro.es\/formacion\/wp-json\/wp\/v2\/media\/7473"}],"wp:attachment":[{"href":"https:\/\/ineuro.es\/formacion\/wp-json\/wp\/v2\/media?parent=7474"}],"wp:term":[{"taxonomy":"product_brand","embeddable":true,"href":"https:\/\/ineuro.es\/formacion\/wp-json\/wp\/v2\/product_brand?post=7474"},{"taxonomy":"product_cat","embeddable":true,"href":"https:\/\/ineuro.es\/formacion\/wp-json\/wp\/v2\/product_cat?post=7474"},{"taxonomy":"product_tag","embeddable":true,"href":"https:\/\/ineuro.es\/formacion\/wp-json\/wp\/v2\/product_tag?post=7474"}],"curies":[{"name":"wp","href":"https:\/\/api.w.org\/{rel}","templated":true}]}}