{"id":7475,"date":"2024-05-26T19:51:44","date_gmt":"2024-05-26T17:51:44","guid":{"rendered":"https:\/\/ineuro.es\/formacion\/?post_type=product&#038;p=7475"},"modified":"2024-06-09T00:28:19","modified_gmt":"2024-06-08T22:28:19","slug":"neuropsicologia-para-profesores-y-orientadores-streaming","status":"publish","type":"product","link":"https:\/\/ineuro.es\/formacion\/producto\/neuropsicologia-para-profesores-y-orientadores-streaming\/","title":{"rendered":"Neuropsicolog\u00eda para profesores y orientadores (streaming)"},"content":{"rendered":"<p>Toda la informaci\u00f3n est\u00e1 en <a href=\"https:\/\/bit.ly\/3UVEHB5\"><span style=\"color: #339966;\"><strong>este enlace<\/strong><\/span><\/a>.<\/p>\n","protected":false},"excerpt":{"rendered":"<p>Toda la informaci\u00f3n est\u00e1 en <span style=\"color: #339966;\"><a style=\"color: #339966;\" href=\"https:\/\/bit.ly\/3UVEHB5\"><strong>este enlace<\/strong><\/a><\/span>.<\/p>\n<p><strong>31 de mayo 2024 y 1 de junio<\/strong> <strong>2024<\/strong> (jueves y viernes). Se puede hacer presencialmente o por streaming. <strong>Esta es la inscripci\u00f3n para acudir por streaming<\/strong>.<\/p>\n","protected":false},"featured_media":7476,"comment_status":"open","ping_status":"closed","template":"","meta":[],"product_brand":[],"product_cat":[413],"product_tag":[],"class_list":{"0":"post-7475","1":"product","2":"type-product","3":"status-publish","4":"has-post-thumbnail","6":"product_cat-neuropsicologia","8":"first","9":"outofstock","10":"virtual","11":"purchasable","12":"product-type-simple"},"publishpress_future_action":{"enabled":false,"date":"2026-05-01 18:41:06","action":"change-status","newStatus":"draft","terms":[],"taxonomy":"product_cat","extraData":[]},"publishpress_future_workflow_manual_trigger":{"enabledWorkflows":[]},"_links":{"self":[{"href":"https:\/\/ineuro.es\/formacion\/wp-json\/wp\/v2\/product\/7475","targetHints":{"allow":["GET"]}}],"collection":[{"href":"https:\/\/ineuro.es\/formacion\/wp-json\/wp\/v2\/product"}],"about":[{"href":"https:\/\/ineuro.es\/formacion\/wp-json\/wp\/v2\/types\/product"}],"replies":[{"embeddable":true,"href":"https:\/\/ineuro.es\/formacion\/wp-json\/wp\/v2\/comments?post=7475"}],"wp:featuredmedia":[{"embeddable":true,"href":"https:\/\/ineuro.es\/formacion\/wp-json\/wp\/v2\/media\/7476"}],"wp:attachment":[{"href":"https:\/\/ineuro.es\/formacion\/wp-json\/wp\/v2\/media?parent=7475"}],"wp:term":[{"taxonomy":"product_brand","embeddable":true,"href":"https:\/\/ineuro.es\/formacion\/wp-json\/wp\/v2\/product_brand?post=7475"},{"taxonomy":"product_cat","embeddable":true,"href":"https:\/\/ineuro.es\/formacion\/wp-json\/wp\/v2\/product_cat?post=7475"},{"taxonomy":"product_tag","embeddable":true,"href":"https:\/\/ineuro.es\/formacion\/wp-json\/wp\/v2\/product_tag?post=7475"}],"curies":[{"name":"wp","href":"https:\/\/api.w.org\/{rel}","templated":true}]}}