{"id":7515,"date":"2024-06-11T22:09:19","date_gmt":"2024-06-11T20:09:19","guid":{"rendered":"https:\/\/ineuro.es\/formacion\/?post_type=product&#038;p=7515"},"modified":"2024-07-26T18:27:05","modified_gmt":"2024-07-26T16:27:05","slug":"trastornos-del-neurodesarrollo-para-guarderias-modalidad-b","status":"publish","type":"product","link":"https:\/\/ineuro.es\/formacion\/producto\/trastornos-del-neurodesarrollo-para-guarderias-modalidad-b\/","title":{"rendered":"Trastornos del Neurodesarrollo para Guarder\u00edas (Modalidad B)"},"content":{"rendered":"<ul>\n<li>Funciones neurocognitivas.<\/li>\n<li>Desarrollo neurocognitivo: hitos principales.<\/li>\n<li>Signos de alarma en el desarrollo.<\/li>\n<li>Motivos de derivaci\u00f3n a pediatr\u00eda de Atenci\u00f3n Primaria.<\/li>\n<li>Instrumentos de detecci\u00f3n.<\/li>\n<li>Abordaje de la funci\u00f3n cognitiva en ni\u00f1os sanos.<\/li>\n<li>Abordaje de la funci\u00f3n cognitiva en ni\u00f1os con cuadros patol\u00f3gicos como apoyo a Centros de Atenci\u00f3n Temprana.<\/li>\n<\/ul>\n","protected":false},"excerpt":{"rendered":"<p>Puede encontrar toda la informaci\u00f3n de esta formaci\u00f3n en <span style=\"color: #008000;\"><a style=\"color: #008000;\" href=\"https:\/\/bit.ly\/3VDvxLe\"><strong>este enlace<\/strong><\/a><\/span><\/p>\n<ul>\n<li>Inicio: 5 de octubre 2024<\/li>\n<li>Final: Diciembre 2024<\/li>\n<\/ul>\n","protected":false},"featured_media":7514,"comment_status":"open","ping_status":"closed","template":"","meta":[],"product_brand":[],"product_cat":[527,567,413,15,550],"product_tag":[],"class_list":{"0":"post-7515","1":"product","2":"type-product","3":"status-publish","4":"has-post-thumbnail","6":"product_cat-neurofisioterapia","7":"product_cat-neurologopedia","8":"product_cat-neuropsicologia","9":"product_cat-neurorrehabilitacion","10":"product_cat-terapia-ocupacional","12":"first","13":"outofstock","14":"virtual","15":"purchasable","16":"product-type-simple"},"publishpress_future_action":{"enabled":false,"date":"2026-04-24 00:22:56","action":"change-status","newStatus":"draft","terms":[],"taxonomy":"product_cat","extraData":[]},"publishpress_future_workflow_manual_trigger":{"enabledWorkflows":[]},"_links":{"self":[{"href":"https:\/\/ineuro.es\/formacion\/wp-json\/wp\/v2\/product\/7515","targetHints":{"allow":["GET"]}}],"collection":[{"href":"https:\/\/ineuro.es\/formacion\/wp-json\/wp\/v2\/product"}],"about":[{"href":"https:\/\/ineuro.es\/formacion\/wp-json\/wp\/v2\/types\/product"}],"replies":[{"embeddable":true,"href":"https:\/\/ineuro.es\/formacion\/wp-json\/wp\/v2\/comments?post=7515"}],"wp:featuredmedia":[{"embeddable":true,"href":"https:\/\/ineuro.es\/formacion\/wp-json\/wp\/v2\/media\/7514"}],"wp:attachment":[{"href":"https:\/\/ineuro.es\/formacion\/wp-json\/wp\/v2\/media?parent=7515"}],"wp:term":[{"taxonomy":"product_brand","embeddable":true,"href":"https:\/\/ineuro.es\/formacion\/wp-json\/wp\/v2\/product_brand?post=7515"},{"taxonomy":"product_cat","embeddable":true,"href":"https:\/\/ineuro.es\/formacion\/wp-json\/wp\/v2\/product_cat?post=7515"},{"taxonomy":"product_tag","embeddable":true,"href":"https:\/\/ineuro.es\/formacion\/wp-json\/wp\/v2\/product_tag?post=7515"}],"curies":[{"name":"wp","href":"https:\/\/api.w.org\/{rel}","templated":true}]}}