{"id":7716,"date":"2024-09-09T22:10:53","date_gmt":"2024-09-09T20:10:53","guid":{"rendered":"https:\/\/ineuro.es\/formacion\/?post_type=product&#038;p=7716"},"modified":"2024-10-05T17:01:42","modified_gmt":"2024-10-05T15:01:42","slug":"certificacion-en-diagnostico-nef-2024","status":"publish","type":"product","link":"https:\/\/ineuro.es\/formacion\/producto\/certificacion-en-diagnostico-nef-2024\/","title":{"rendered":"Certificaci\u00f3n en Diagn\u00f3stico NEF 2024"},"content":{"rendered":"<p>Puede encontrar toda la informaci\u00f3n en <a href=\"https:\/\/bit.ly\/3ASWh2h\"><span style=\"color: #339966;\"><strong>este enlace<\/strong><\/span><\/a>.<\/p>\n","protected":false},"excerpt":{"rendered":"<p>Puede encontrar toda la informaci\u00f3n en <a href=\"https:\/\/bit.ly\/3ASWh2h\"><strong>este enlace<\/strong><\/a>.<\/p>\n<p>Tres fechas para el curso:<\/p>\n<ul>\n<li>13 y 14 de diciembre de 2024<\/li>\n<li>21 y 22 de marzo de 2024<\/li>\n<li>20 y 21 de junio de 2024<\/li>\n<\/ul>\n","protected":false},"featured_media":7717,"comment_status":"open","ping_status":"closed","template":"","meta":[],"product_brand":[],"product_cat":[413],"product_tag":[],"class_list":{"0":"post-7716","1":"product","2":"type-product","3":"status-publish","4":"has-post-thumbnail","6":"product_cat-neuropsicologia","8":"first","9":"outofstock","10":"virtual","11":"purchasable","12":"product-type-simple"},"publishpress_future_action":{"enabled":false,"date":"2026-05-01 18:41:06","action":"change-status","newStatus":"draft","terms":[],"taxonomy":"product_cat","extraData":[]},"publishpress_future_workflow_manual_trigger":{"enabledWorkflows":[]},"_links":{"self":[{"href":"https:\/\/ineuro.es\/formacion\/wp-json\/wp\/v2\/product\/7716","targetHints":{"allow":["GET"]}}],"collection":[{"href":"https:\/\/ineuro.es\/formacion\/wp-json\/wp\/v2\/product"}],"about":[{"href":"https:\/\/ineuro.es\/formacion\/wp-json\/wp\/v2\/types\/product"}],"replies":[{"embeddable":true,"href":"https:\/\/ineuro.es\/formacion\/wp-json\/wp\/v2\/comments?post=7716"}],"wp:featuredmedia":[{"embeddable":true,"href":"https:\/\/ineuro.es\/formacion\/wp-json\/wp\/v2\/media\/7717"}],"wp:attachment":[{"href":"https:\/\/ineuro.es\/formacion\/wp-json\/wp\/v2\/media?parent=7716"}],"wp:term":[{"taxonomy":"product_brand","embeddable":true,"href":"https:\/\/ineuro.es\/formacion\/wp-json\/wp\/v2\/product_brand?post=7716"},{"taxonomy":"product_cat","embeddable":true,"href":"https:\/\/ineuro.es\/formacion\/wp-json\/wp\/v2\/product_cat?post=7716"},{"taxonomy":"product_tag","embeddable":true,"href":"https:\/\/ineuro.es\/formacion\/wp-json\/wp\/v2\/product_tag?post=7716"}],"curies":[{"name":"wp","href":"https:\/\/api.w.org\/{rel}","templated":true}]}}