{"id":7743,"date":"2024-09-17T16:49:58","date_gmt":"2024-09-17T14:49:58","guid":{"rendered":"https:\/\/ineuro.es\/formacion\/?post_type=product&#038;p=7743"},"modified":"2024-11-16T00:04:16","modified_gmt":"2024-11-15T23:04:16","slug":"neurobase-licencia-estandar-otros-2","status":"publish","type":"product","link":"https:\/\/ineuro.es\/formacion\/producto\/neurobase-licencia-estandar-otros-2\/","title":{"rendered":"Neurobase (licencia est\u00e1ndar otros)"},"content":{"rendered":"<p>La NeuroBase\u00ae es una base de datos que naci\u00f3 para dar respuesta a las necesidades de los centros de Neurorrehabilitaci\u00f3n, tanto si s\u00f3lo eran consultas individuales (centros de fisioterapia neurol\u00f3gica, de Neuropsicolog\u00eda, etc.) o si los centros estaban compuestos por varios profesionales. La versi\u00f3n primera de NeuroBase se lanz\u00f3 en abril de 2021 y ya tenemos licencias en varias partes del mundo (Espa\u00f1a, M\u00e9xico, Uruguay, Panam\u00e1\u2026).<\/p>\n","protected":false},"excerpt":{"rendered":"<p>NeuroBase\u00ae es el \u00fanico software de Neurorrehabilitaci\u00f3n que incluye a todas las disciplinas de la Neurociencia.<\/p>\n","protected":false},"featured_media":6397,"comment_status":"open","ping_status":"closed","template":"","meta":[],"product_brand":[],"product_cat":[413,15],"product_tag":[517,518,516,519,520,343,510,521],"class_list":{"0":"post-7743","1":"product","2":"type-product","3":"status-publish","4":"has-post-thumbnail","6":"product_cat-neuropsicologia","7":"product_cat-neurorrehabilitacion","8":"product_tag-base-datos","9":"product_tag-datos","10":"product_tag-neurobase","11":"product_tag-neurofisioterapia","12":"product_tag-neurologopedia","13":"product_tag-neuropsicologia","14":"product_tag-neurorrehabilitacion","15":"product_tag-terapia-ocupacional","17":"first","18":"outofstock","19":"virtual","20":"purchasable","21":"product-type-simple"},"publishpress_future_action":{"enabled":false,"date":"2026-04-23 04:15:22","action":"change-status","newStatus":"draft","terms":[],"taxonomy":"product_cat","extraData":[]},"publishpress_future_workflow_manual_trigger":{"enabledWorkflows":[]},"_links":{"self":[{"href":"https:\/\/ineuro.es\/formacion\/wp-json\/wp\/v2\/product\/7743","targetHints":{"allow":["GET"]}}],"collection":[{"href":"https:\/\/ineuro.es\/formacion\/wp-json\/wp\/v2\/product"}],"about":[{"href":"https:\/\/ineuro.es\/formacion\/wp-json\/wp\/v2\/types\/product"}],"replies":[{"embeddable":true,"href":"https:\/\/ineuro.es\/formacion\/wp-json\/wp\/v2\/comments?post=7743"}],"wp:featuredmedia":[{"embeddable":true,"href":"https:\/\/ineuro.es\/formacion\/wp-json\/wp\/v2\/media\/6397"}],"wp:attachment":[{"href":"https:\/\/ineuro.es\/formacion\/wp-json\/wp\/v2\/media?parent=7743"}],"wp:term":[{"taxonomy":"product_brand","embeddable":true,"href":"https:\/\/ineuro.es\/formacion\/wp-json\/wp\/v2\/product_brand?post=7743"},{"taxonomy":"product_cat","embeddable":true,"href":"https:\/\/ineuro.es\/formacion\/wp-json\/wp\/v2\/product_cat?post=7743"},{"taxonomy":"product_tag","embeddable":true,"href":"https:\/\/ineuro.es\/formacion\/wp-json\/wp\/v2\/product_tag?post=7743"}],"curies":[{"name":"wp","href":"https:\/\/api.w.org\/{rel}","templated":true}]}}