{"id":7824,"date":"2024-10-14T22:42:22","date_gmt":"2024-10-14T20:42:22","guid":{"rendered":"https:\/\/ineuro.es\/formacion\/?post_type=product&#038;p=7824"},"modified":"2025-07-19T22:36:18","modified_gmt":"2025-07-19T20:36:18","slug":"libro-neurocognicion-en-patologia-neurologica-del-adulto","status":"publish","type":"product","link":"https:\/\/ineuro.es\/formacion\/producto\/libro-neurocognicion-en-patologia-neurologica-del-adulto\/","title":{"rendered":"LIBRO: Neurocognici\u00f3n en patolog\u00eda neurol\u00f3gica del adulto"},"content":{"rendered":"<p>En <a href=\"https:\/\/ineuro.es\/libro-publicado-neurocognicion-en-patologia-neurologica-del-adulto\/\"><span style=\"color: #008080;\"><strong>este enlace<\/strong><\/span><\/a> tiene toda la informaci\u00f3n.<\/p>\n","protected":false},"excerpt":{"rendered":"<p>En <a href=\"https:\/\/ineuro.es\/libro-publicado-neurocognicion-en-patologia-neurologica-del-adulto\/\"><strong>este enlace<\/strong><\/a> tiene toda la informaci\u00f3n.<\/p>\n<p><strong>Autor:<\/strong> Pablo Duque<\/p>\n<p><strong>A\u00f1o de 1\u00aa edici\u00f3n<\/strong>: 2021<\/p>\n<p><strong>2\u00aa edici\u00f3n:<\/strong> 2025 (por publicar)<\/p>\n<p><strong>ISBN.<\/strong> 978-84-121006-4-8<\/p>\n","protected":false},"featured_media":8364,"comment_status":"open","ping_status":"closed","template":"","meta":[],"product_brand":[],"product_cat":[383,567,413,15,550],"product_tag":[],"class_list":{"0":"post-7824","1":"product","2":"type-product","3":"status-publish","4":"has-post-thumbnail","6":"product_cat-neurologia","7":"product_cat-neurologopedia","8":"product_cat-neuropsicologia","9":"product_cat-neurorrehabilitacion","10":"product_cat-terapia-ocupacional","12":"first","13":"instock","14":"virtual","15":"purchasable","16":"product-type-simple"},"publishpress_future_action":{"enabled":false,"date":"2026-05-07 23:20:31","action":"change-status","newStatus":"draft","terms":[],"taxonomy":"product_cat","extraData":[]},"publishpress_future_workflow_manual_trigger":{"enabledWorkflows":[]},"_links":{"self":[{"href":"https:\/\/ineuro.es\/formacion\/wp-json\/wp\/v2\/product\/7824","targetHints":{"allow":["GET"]}}],"collection":[{"href":"https:\/\/ineuro.es\/formacion\/wp-json\/wp\/v2\/product"}],"about":[{"href":"https:\/\/ineuro.es\/formacion\/wp-json\/wp\/v2\/types\/product"}],"replies":[{"embeddable":true,"href":"https:\/\/ineuro.es\/formacion\/wp-json\/wp\/v2\/comments?post=7824"}],"wp:featuredmedia":[{"embeddable":true,"href":"https:\/\/ineuro.es\/formacion\/wp-json\/wp\/v2\/media\/8364"}],"wp:attachment":[{"href":"https:\/\/ineuro.es\/formacion\/wp-json\/wp\/v2\/media?parent=7824"}],"wp:term":[{"taxonomy":"product_brand","embeddable":true,"href":"https:\/\/ineuro.es\/formacion\/wp-json\/wp\/v2\/product_brand?post=7824"},{"taxonomy":"product_cat","embeddable":true,"href":"https:\/\/ineuro.es\/formacion\/wp-json\/wp\/v2\/product_cat?post=7824"},{"taxonomy":"product_tag","embeddable":true,"href":"https:\/\/ineuro.es\/formacion\/wp-json\/wp\/v2\/product_tag?post=7824"}],"curies":[{"name":"wp","href":"https:\/\/api.w.org\/{rel}","templated":true}]}}