{"id":7951,"date":"2025-01-05T14:05:55","date_gmt":"2025-01-05T13:05:55","guid":{"rendered":"https:\/\/ineuro.es\/formacion\/?post_type=product&#038;p=7951"},"modified":"2025-02-27T21:16:01","modified_gmt":"2025-02-27T20:16:01","slug":"neuropsicologia-para-neurologos-residentes-y-otros-medicos","status":"publish","type":"product","link":"https:\/\/ineuro.es\/formacion\/producto\/neuropsicologia-para-neurologos-residentes-y-otros-medicos\/","title":{"rendered":"Neuropsicolog\u00eda para neur\u00f3logos, residentes y otros m\u00e9dicos"},"content":{"rendered":"<p>En <span style=\"color: #0000ff;\"><a style=\"color: #0000ff;\" href=\"https:\/\/ineuro.es\/curso-intensivo-de-neuropsicologia-para-neurologos-residentes-y-otros-medicos\/\"><strong><span style=\"color: #0000ff;\">este enlace<\/span><\/strong><\/a><\/span> puede ver toda la informaci\u00f3n<\/p>\n","protected":false},"excerpt":{"rendered":"<p>En <a href=\"https:\/\/ineuro.es\/curso-intensivo-de-neuropsicologia-para-neurologos-residentes-y-otros-medicos\/\"><strong><span style=\"color: #0000ff;\">este enlace<\/span><\/strong><\/a> puede ver toda la informaci\u00f3n.<\/p>\n<h6>Fechas<\/h6>\n<ul>\n<li>17 de Febrero a 28 de abril, ambos inclusive.<\/li>\n<li>20.00 a 21.30 horas<\/li>\n<\/ul>\n<p>Docente<\/p>\n<p>Pablo Duque. Neuropsic\u00f3logo. ineuro<\/p>\n<h6>Profesionales a los que va dirigido<\/h6>\n<ul>\n<li>M\u00e9dicos especialistas y residentes.<\/li>\n<li>Principales especialidades: neurolog\u00eda, neurocirug\u00eda, psiquiatr\u00eda, medicina de familia, medicina interna.<\/li>\n<\/ul>\n","protected":false},"featured_media":7952,"comment_status":"open","ping_status":"closed","template":"","meta":[],"product_brand":[],"product_cat":[413],"product_tag":[],"class_list":{"0":"post-7951","1":"product","2":"type-product","3":"status-publish","4":"has-post-thumbnail","6":"product_cat-neuropsicologia","8":"first","9":"outofstock","10":"virtual","11":"purchasable","12":"product-type-simple"},"publishpress_future_action":{"enabled":false,"date":"2026-04-22 22:33:53","action":"change-status","newStatus":"draft","terms":[],"taxonomy":"product_cat","extraData":[]},"publishpress_future_workflow_manual_trigger":{"enabledWorkflows":[]},"_links":{"self":[{"href":"https:\/\/ineuro.es\/formacion\/wp-json\/wp\/v2\/product\/7951","targetHints":{"allow":["GET"]}}],"collection":[{"href":"https:\/\/ineuro.es\/formacion\/wp-json\/wp\/v2\/product"}],"about":[{"href":"https:\/\/ineuro.es\/formacion\/wp-json\/wp\/v2\/types\/product"}],"replies":[{"embeddable":true,"href":"https:\/\/ineuro.es\/formacion\/wp-json\/wp\/v2\/comments?post=7951"}],"wp:featuredmedia":[{"embeddable":true,"href":"https:\/\/ineuro.es\/formacion\/wp-json\/wp\/v2\/media\/7952"}],"wp:attachment":[{"href":"https:\/\/ineuro.es\/formacion\/wp-json\/wp\/v2\/media?parent=7951"}],"wp:term":[{"taxonomy":"product_brand","embeddable":true,"href":"https:\/\/ineuro.es\/formacion\/wp-json\/wp\/v2\/product_brand?post=7951"},{"taxonomy":"product_cat","embeddable":true,"href":"https:\/\/ineuro.es\/formacion\/wp-json\/wp\/v2\/product_cat?post=7951"},{"taxonomy":"product_tag","embeddable":true,"href":"https:\/\/ineuro.es\/formacion\/wp-json\/wp\/v2\/product_tag?post=7951"}],"curies":[{"name":"wp","href":"https:\/\/api.w.org\/{rel}","templated":true}]}}