{"id":8088,"date":"2025-03-18T16:12:45","date_gmt":"2025-03-18T15:12:45","guid":{"rendered":"https:\/\/ineuro.es\/formacion\/?post_type=product&#038;p=8088"},"modified":"2025-05-11T21:47:07","modified_gmt":"2025-05-11T19:47:07","slug":"atender-pacientes-en-neuropsicologia","status":"publish","type":"product","link":"https:\/\/ineuro.es\/formacion\/producto\/atender-pacientes-en-neuropsicologia\/","title":{"rendered":"Atender pacientes en Neuropsicolog\u00eda"},"content":{"rendered":"<p>Toda la informaci\u00f3n del curso est\u00e1 en <span style=\"color: #0000ff;\"><a style=\"color: #0000ff;\" href=\"https:\/\/ineuro.es\/quieres-saber-como-atender-pacientes-en-neuropsicologia\/\"><strong>este enlace<\/strong><\/a><\/span><\/p>\n","protected":false},"excerpt":{"rendered":"<p>Toda la informaci\u00f3n del curso est\u00e1 en <a href=\"https:\/\/ineuro.es\/quieres-saber-como-atender-pacientes-en-neuropsicologia\/\"><strong>este enlace<\/strong><\/a><\/p>\n<p>Docente: Pablo Duque<\/p>\n<p>Inicio: 28 de marzo<\/p>\n<p>Fin: 6 de junio<\/p>\n","protected":false},"featured_media":8089,"comment_status":"open","ping_status":"closed","template":"","meta":[],"product_brand":[],"product_cat":[413],"product_tag":[],"class_list":{"0":"post-8088","1":"product","2":"type-product","3":"status-publish","4":"has-post-thumbnail","6":"product_cat-neuropsicologia","8":"first","9":"outofstock","10":"virtual","11":"purchasable","12":"product-type-simple"},"publishpress_future_action":{"enabled":false,"date":"2026-05-01 18:49:19","action":"change-status","newStatus":"draft","terms":[],"taxonomy":"product_cat","extraData":[]},"publishpress_future_workflow_manual_trigger":{"enabledWorkflows":[]},"_links":{"self":[{"href":"https:\/\/ineuro.es\/formacion\/wp-json\/wp\/v2\/product\/8088","targetHints":{"allow":["GET"]}}],"collection":[{"href":"https:\/\/ineuro.es\/formacion\/wp-json\/wp\/v2\/product"}],"about":[{"href":"https:\/\/ineuro.es\/formacion\/wp-json\/wp\/v2\/types\/product"}],"replies":[{"embeddable":true,"href":"https:\/\/ineuro.es\/formacion\/wp-json\/wp\/v2\/comments?post=8088"}],"wp:featuredmedia":[{"embeddable":true,"href":"https:\/\/ineuro.es\/formacion\/wp-json\/wp\/v2\/media\/8089"}],"wp:attachment":[{"href":"https:\/\/ineuro.es\/formacion\/wp-json\/wp\/v2\/media?parent=8088"}],"wp:term":[{"taxonomy":"product_brand","embeddable":true,"href":"https:\/\/ineuro.es\/formacion\/wp-json\/wp\/v2\/product_brand?post=8088"},{"taxonomy":"product_cat","embeddable":true,"href":"https:\/\/ineuro.es\/formacion\/wp-json\/wp\/v2\/product_cat?post=8088"},{"taxonomy":"product_tag","embeddable":true,"href":"https:\/\/ineuro.es\/formacion\/wp-json\/wp\/v2\/product_tag?post=8088"}],"curies":[{"name":"wp","href":"https:\/\/api.w.org\/{rel}","templated":true}]}}