{"id":8161,"date":"2025-04-29T19:54:18","date_gmt":"2025-04-29T17:54:18","guid":{"rendered":"https:\/\/ineuro.es\/formacion\/?post_type=product&#038;p=8161"},"modified":"2025-07-18T18:38:05","modified_gmt":"2025-07-18T16:38:05","slug":"libro-como-entiendo-la-cognicion","status":"publish","type":"product","link":"https:\/\/ineuro.es\/formacion\/producto\/libro-como-entiendo-la-cognicion\/","title":{"rendered":"LIBRO: C\u00f3mo entiendo la cognici\u00f3n"},"content":{"rendered":"<p>Esta es la versi\u00f3n online del libro que se puede encontrar en Amazon: https:\/\/amzn.eu\/d\/gLJxlxS<\/p>\n","protected":false},"excerpt":{"rendered":"<p>Esta es la versi\u00f3n online del libro que se puede encontrar en Amazon: https:\/\/amzn.eu\/d\/gLJxlxS<\/p>\n<p>Una vez compre el libro, le llegar\u00e1 un mail desde <strong>editorial@ineuro.es<\/strong> y debe seguir los pasos que se le indicar\u00e1n. Este mail puede tardar un m\u00e1ximo de 48 horas.<\/p>\n","protected":false},"featured_media":8353,"comment_status":"open","ping_status":"closed","template":"","meta":[],"product_brand":[],"product_cat":[15],"product_tag":[],"class_list":{"0":"post-8161","1":"product","2":"type-product","3":"status-publish","4":"has-post-thumbnail","6":"product_cat-neurorrehabilitacion","8":"first","9":"instock","10":"virtual","11":"purchasable","12":"product-type-simple"},"publishpress_future_action":{"enabled":false,"date":"2026-05-20 22:35:52","action":"change-status","newStatus":"draft","terms":[],"taxonomy":"product_cat","extraData":[]},"publishpress_future_workflow_manual_trigger":{"enabledWorkflows":[]},"_links":{"self":[{"href":"https:\/\/ineuro.es\/formacion\/wp-json\/wp\/v2\/product\/8161","targetHints":{"allow":["GET"]}}],"collection":[{"href":"https:\/\/ineuro.es\/formacion\/wp-json\/wp\/v2\/product"}],"about":[{"href":"https:\/\/ineuro.es\/formacion\/wp-json\/wp\/v2\/types\/product"}],"replies":[{"embeddable":true,"href":"https:\/\/ineuro.es\/formacion\/wp-json\/wp\/v2\/comments?post=8161"}],"wp:featuredmedia":[{"embeddable":true,"href":"https:\/\/ineuro.es\/formacion\/wp-json\/wp\/v2\/media\/8353"}],"wp:attachment":[{"href":"https:\/\/ineuro.es\/formacion\/wp-json\/wp\/v2\/media?parent=8161"}],"wp:term":[{"taxonomy":"product_brand","embeddable":true,"href":"https:\/\/ineuro.es\/formacion\/wp-json\/wp\/v2\/product_brand?post=8161"},{"taxonomy":"product_cat","embeddable":true,"href":"https:\/\/ineuro.es\/formacion\/wp-json\/wp\/v2\/product_cat?post=8161"},{"taxonomy":"product_tag","embeddable":true,"href":"https:\/\/ineuro.es\/formacion\/wp-json\/wp\/v2\/product_tag?post=8161"}],"curies":[{"name":"wp","href":"https:\/\/api.w.org\/{rel}","templated":true}]}}