{"id":8213,"date":"2025-05-22T15:36:31","date_gmt":"2025-05-22T13:36:31","guid":{"rendered":"https:\/\/ineuro.es\/formacion\/?post_type=product&#038;p=8213"},"modified":"2025-10-12T19:49:11","modified_gmt":"2025-10-12T17:49:11","slug":"exploracion-neurocognitiva-atender-y-saber","status":"publish","type":"product","link":"https:\/\/ineuro.es\/formacion\/producto\/exploracion-neurocognitiva-atender-y-saber\/","title":{"rendered":"Funciones cognitivas en el desarrollo: comprensi\u00f3n, exploraci\u00f3n, aplicaci\u00f3n"},"content":{"rendered":"<p>En <span style=\"color: #3366ff;\"><strong>este enlace<\/strong><\/span> tiene toda la info del curso.<\/p>\n","protected":false},"excerpt":{"rendered":"<p>En <strong>este enlace<\/strong> tiene toda la info del curso.<\/p>\n<p><strong>23 de junio de 2025.<\/strong> Presencial en Uruguay y tambi\u00e9n por streaming.<\/p>\n<p><strong>Docente.<\/strong> Pablo Duque. Neuropsic\u00f3logo. ineuro<\/p>\n<p>Si elige hacer el pago por transferencia, debe hacer el pago a\u00a0<strong>CA BROU 110328178-00001,<\/strong> a nombre de <strong>Grupo ineuro SAS<\/strong><\/p>\n","protected":false},"featured_media":8214,"comment_status":"open","ping_status":"closed","template":"","meta":[],"product_brand":[],"product_cat":[527,383,567,413,15,550],"product_tag":[],"class_list":{"0":"post-8213","1":"product","2":"type-product","3":"status-publish","4":"has-post-thumbnail","6":"product_cat-neurofisioterapia","7":"product_cat-neurologia","8":"product_cat-neurologopedia","9":"product_cat-neuropsicologia","10":"product_cat-neurorrehabilitacion","11":"product_cat-terapia-ocupacional","13":"first","14":"outofstock","15":"virtual","16":"purchasable","17":"product-type-simple"},"publishpress_future_action":{"enabled":false,"date":"2026-05-11 15:15:20","action":"change-status","newStatus":"draft","terms":[],"taxonomy":"product_cat","extraData":[]},"publishpress_future_workflow_manual_trigger":{"enabledWorkflows":[]},"_links":{"self":[{"href":"https:\/\/ineuro.es\/formacion\/wp-json\/wp\/v2\/product\/8213","targetHints":{"allow":["GET"]}}],"collection":[{"href":"https:\/\/ineuro.es\/formacion\/wp-json\/wp\/v2\/product"}],"about":[{"href":"https:\/\/ineuro.es\/formacion\/wp-json\/wp\/v2\/types\/product"}],"replies":[{"embeddable":true,"href":"https:\/\/ineuro.es\/formacion\/wp-json\/wp\/v2\/comments?post=8213"}],"wp:featuredmedia":[{"embeddable":true,"href":"https:\/\/ineuro.es\/formacion\/wp-json\/wp\/v2\/media\/8214"}],"wp:attachment":[{"href":"https:\/\/ineuro.es\/formacion\/wp-json\/wp\/v2\/media?parent=8213"}],"wp:term":[{"taxonomy":"product_brand","embeddable":true,"href":"https:\/\/ineuro.es\/formacion\/wp-json\/wp\/v2\/product_brand?post=8213"},{"taxonomy":"product_cat","embeddable":true,"href":"https:\/\/ineuro.es\/formacion\/wp-json\/wp\/v2\/product_cat?post=8213"},{"taxonomy":"product_tag","embeddable":true,"href":"https:\/\/ineuro.es\/formacion\/wp-json\/wp\/v2\/product_tag?post=8213"}],"curies":[{"name":"wp","href":"https:\/\/api.w.org\/{rel}","templated":true}]}}