{"id":8299,"date":"2025-06-20T19:12:38","date_gmt":"2025-06-20T17:12:38","guid":{"rendered":"https:\/\/ineuro.es\/formacion\/?post_type=product&#038;p=8299"},"modified":"2025-10-12T19:46:50","modified_gmt":"2025-10-12T17:46:50","slug":"formacion-en-clasificacion-diagnostica-en-neuropsicologia-nef-2025-curso-2","status":"publish","type":"product","link":"https:\/\/ineuro.es\/formacion\/producto\/formacion-en-clasificacion-diagnostica-en-neuropsicologia-nef-2025-curso-2\/","title":{"rendered":"Formaci\u00f3n en Clasificaci\u00f3n Diagn\u00f3stica en Neuropsicolog\u00eda, NEF 2025 (Curso 2)"},"content":{"rendered":"<p>En <a href=\"https:\/\/ineuro.es\/formaciones-sobre-la-clasificacion-diagnostica-en-neuropsicologia-nef-2025\/\"><strong>este enlace<\/strong><\/a> encontrar\u00e1 toda la informaci\u00f3n del curso<\/p>\n","protected":false},"excerpt":{"rendered":"<p>En <a href=\"https:\/\/ineuro.es\/formaciones-sobre-la-clasificacion-diagnostica-en-neuropsicologia-nef-2025\/\"><strong>este enlace<\/strong><\/a> encontrar\u00e1 toda la informaci\u00f3n del curso<\/p>\n<p><strong>Curso 2.<\/strong>\u00a018 de octubre de 2025, 16 a 20 horas.<\/p>\n<p><strong>Docente<\/strong>. Pablo Duque. Neuropsic\u00f3logo. Fundador de la Escuela de Neuropsicolog\u00eda Funcional, NEF y de la Clasificaci\u00f3n Diagn\u00f3stica en Neuropsicolog\u00eda.<\/p>\n","protected":false},"featured_media":7866,"comment_status":"open","ping_status":"closed","template":"","meta":[],"product_brand":[],"product_cat":[413],"product_tag":[],"class_list":{"0":"post-8299","1":"product","2":"type-product","3":"status-publish","4":"has-post-thumbnail","6":"product_cat-neuropsicologia","8":"first","9":"outofstock","10":"virtual","11":"purchasable","12":"product-type-simple"},"publishpress_future_action":{"enabled":false,"date":"2026-05-07 21:36:51","action":"change-status","newStatus":"draft","terms":[],"taxonomy":"product_cat","extraData":[]},"publishpress_future_workflow_manual_trigger":{"enabledWorkflows":[]},"_links":{"self":[{"href":"https:\/\/ineuro.es\/formacion\/wp-json\/wp\/v2\/product\/8299","targetHints":{"allow":["GET"]}}],"collection":[{"href":"https:\/\/ineuro.es\/formacion\/wp-json\/wp\/v2\/product"}],"about":[{"href":"https:\/\/ineuro.es\/formacion\/wp-json\/wp\/v2\/types\/product"}],"replies":[{"embeddable":true,"href":"https:\/\/ineuro.es\/formacion\/wp-json\/wp\/v2\/comments?post=8299"}],"wp:featuredmedia":[{"embeddable":true,"href":"https:\/\/ineuro.es\/formacion\/wp-json\/wp\/v2\/media\/7866"}],"wp:attachment":[{"href":"https:\/\/ineuro.es\/formacion\/wp-json\/wp\/v2\/media?parent=8299"}],"wp:term":[{"taxonomy":"product_brand","embeddable":true,"href":"https:\/\/ineuro.es\/formacion\/wp-json\/wp\/v2\/product_brand?post=8299"},{"taxonomy":"product_cat","embeddable":true,"href":"https:\/\/ineuro.es\/formacion\/wp-json\/wp\/v2\/product_cat?post=8299"},{"taxonomy":"product_tag","embeddable":true,"href":"https:\/\/ineuro.es\/formacion\/wp-json\/wp\/v2\/product_tag?post=8299"}],"curies":[{"name":"wp","href":"https:\/\/api.w.org\/{rel}","templated":true}]}}